{"id":2495,"date":"2024-08-23T11:48:55","date_gmt":"2024-08-23T17:48:55","guid":{"rendered":"https:\/\/arfmedical.com\/?page_id=2495"},"modified":"2026-03-17T14:18:20","modified_gmt":"2026-03-17T20:18:20","slug":"elementor-2495","status":"publish","type":"page","link":"https:\/\/arfmedical.com\/en\/elementor-2495\/","title":{"rendered":"I want to be a Distributor"},"content":{"rendered":"<div data-elementor-type=\"wp-page\" data-elementor-id=\"2495\" class=\"elementor elementor-2495\">\n\t\t\t\t<div class=\"elementor-element elementor-element-b36bdf6 e-flex e-con-boxed elementor-invisible e-con e-parent\" data-id=\"b36bdf6\" data-element_type=\"container\" data-e-type=\"container\" data-settings=\"{&quot;background_background&quot;:&quot;classic&quot;,&quot;animation&quot;:&quot;fadeIn&quot;}\">\n\t\t\t\t\t<div class=\"e-con-inner\">\n\t\t\t\t<div class=\"elementor-element elementor-element-4d9307b elementor-widget-divider--view-line exad-sticky-section-no exad-glass-effect-no elementor-widget elementor-widget-divider\" data-id=\"4d9307b\" data-element_type=\"widget\" data-e-type=\"widget\" data-widget_type=\"divider.default\">\n\t\t\t\t<div class=\"elementor-widget-container\">\n\t\t\t\t\t\t\t<div class=\"elementor-divider\">\n\t\t\t<span class=\"elementor-divider-separator\">\n\t\t\t\t\t\t<\/span>\n\t\t<\/div>\n\t\t\t\t\t\t<\/div>\n\t\t\t\t<\/div>\n\t\t\t\t<div class=\"elementor-element elementor-element-e1a4cdf exad-sticky-section-no exad-glass-effect-no elementor-invisible elementor-widget elementor-widget-heading\" data-id=\"e1a4cdf\" data-element_type=\"widget\" data-e-type=\"widget\" data-settings=\"{&quot;_animation&quot;:&quot;fadeIn&quot;}\" data-widget_type=\"heading.default\">\n\t\t\t\t<div class=\"elementor-widget-container\">\n\t\t\t\t\t<h2 class=\"elementor-heading-title elementor-size-default\">I want to be a Distributor<\/h2>\t\t\t\t<\/div>\n\t\t\t\t<\/div>\n\t\t\t\t<div class=\"elementor-element elementor-element-8b50e15 elementor-widget-divider--view-line exad-sticky-section-no exad-glass-effect-no elementor-widget elementor-widget-divider\" data-id=\"8b50e15\" data-element_type=\"widget\" data-e-type=\"widget\" data-widget_type=\"divider.default\">\n\t\t\t\t<div class=\"elementor-widget-container\">\n\t\t\t\t\t\t\t<div class=\"elementor-divider\">\n\t\t\t<span class=\"elementor-divider-separator\">\n\t\t\t\t\t\t<\/span>\n\t\t<\/div>\n\t\t\t\t\t\t<\/div>\n\t\t\t\t<\/div>\n\t\t\t\t\t<\/div>\n\t\t\t\t<\/div>\n\t\t<div class=\"elementor-element elementor-element-e208378 e-flex e-con-boxed e-con e-parent\" data-id=\"e208378\" data-element_type=\"container\" data-e-type=\"container\">\n\t\t\t\t\t<div class=\"e-con-inner\">\n\t\t\t\t<div class=\"elementor-element elementor-element-6fd9400 elementor-widget-divider--view-line exad-sticky-section-no exad-glass-effect-no elementor-widget elementor-widget-divider\" data-id=\"6fd9400\" data-element_type=\"widget\" data-e-type=\"widget\" data-widget_type=\"divider.default\">\n\t\t\t\t<div class=\"elementor-widget-container\">\n\t\t\t\t\t\t\t<div class=\"elementor-divider\">\n\t\t\t<span class=\"elementor-divider-separator\">\n\t\t\t\t\t\t<\/span>\n\t\t<\/div>\n\t\t\t\t\t\t<\/div>\n\t\t\t\t<\/div>\n\t\t\t\t\t<\/div>\n\t\t\t\t<\/div>\n\t\t<div class=\"elementor-element elementor-element-e1c9807 e-con-full e-flex elementor-invisible e-con e-parent\" data-id=\"e1c9807\" data-element_type=\"container\" data-e-type=\"container\" data-settings=\"{&quot;background_background&quot;:&quot;classic&quot;,&quot;animation&quot;:&quot;fadeIn&quot;}\">\n\t\t\t\t<div class=\"elementor-element elementor-element-d4dbea9 exad-sticky-section-no exad-glass-effect-no elementor-invisible elementor-widget elementor-widget-text-editor\" data-id=\"d4dbea9\" data-element_type=\"widget\" data-e-type=\"widget\" data-settings=\"{&quot;_animation&quot;:&quot;fadeIn&quot;}\" data-widget_type=\"text-editor.default\">\n\t\t\t\t<div class=\"elementor-widget-container\">\n\t\t\t\t\t\t\t\t\t<p>An expert will contact you shortly.<\/p>\t\t\t\t\t\t\t\t<\/div>\n\t\t\t\t<\/div>\n\t\t\t\t<div class=\"elementor-element elementor-element-1a0e47b elementor-widget__width-initial exad-sticky-section-no exad-glass-effect-no elementor-invisible elementor-widget elementor-widget-wpforms\" data-id=\"1a0e47b\" data-element_type=\"widget\" data-e-type=\"widget\" data-settings=\"{&quot;_animation&quot;:&quot;fadeIn&quot;}\" data-widget_type=\"wpforms.default\">\n\t\t\t\t<div class=\"elementor-widget-container\">\n\t\t\t\t\t<div class=\"wpforms-container\" id=\"wpforms-2499\"><form id=\"wpforms-form-2499\" class=\"wpforms-validate wpforms-form wpforms-ajax-form\" data-formid=\"2499\" method=\"post\" enctype=\"multipart\/form-data\" action=\"\/en\/wp-json\/wp\/v2\/pages\/2495\" data-token=\"f361e810e887673682d4a0537546c47f\" data-token-time=\"1778853952\" data-trp-original-action=\"\/en\/wp-json\/wp\/v2\/pages\/2495\"><noscript class=\"wpforms-error-noscript\">Please enable JavaScript in your browser to complete this form.<\/noscript><div class=\"wpforms-field-container\"><div id=\"wpforms-2499-field_1-container\" class=\"wpforms-field wpforms-field-name\" data-field-id=\"1\"><label class=\"wpforms-field-label\" for=\"wpforms-2499-field_1\">Name <span class=\"wpforms-required-label\">*<\/span><\/label><div class=\"wpforms-field-row wpforms-field-medium\"><div class=\"wpforms-field-row-block wpforms-first wpforms-one-half\"><input type=\"text\" id=\"wpforms-2499-field_1\" class=\"wpforms-field-name-first wpforms-field-required\" name=\"wpforms[fields][1][first]\" required><label for=\"wpforms-2499-field_1\" class=\"wpforms-field-sublabel after\">First<\/label><\/div><div class=\"wpforms-field-row-block wpforms-one-half\"><input type=\"text\" id=\"wpforms-2499-field_1-last\" class=\"wpforms-field-name-last wpforms-field-required\" name=\"wpforms[fields][1][last]\" required><label for=\"wpforms-2499-field_1-last\" class=\"wpforms-field-sublabel after\">Last<\/label><\/div><\/div><\/div><div id=\"wpforms-2499-field_7-container\" class=\"wpforms-field wpforms-field-email\" data-field-id=\"7\"><label class=\"wpforms-field-label\" for=\"wpforms-2499-field_7\">Email <span class=\"wpforms-required-label\">*<\/span><\/label><input type=\"email\" id=\"wpforms-2499-field_7\" class=\"wpforms-field-medium wpforms-field-required\" name=\"wpforms[fields][7]\" spellcheck=\"false\" required><\/div><div id=\"wpforms-2499-field_12-container\" class=\"wpforms-field wpforms-field-number\" data-field-id=\"12\"><label class=\"wpforms-field-label\" for=\"wpforms-2499-field_12\">Number<\/label><input type=\"number\" id=\"wpforms-2499-field_12\" class=\"wpforms-field-medium\" name=\"wpforms[fields][12]\" ><\/div><div id=\"wpforms-2499-field_13-container\" class=\"wpforms-field wpforms-field-textarea\" data-field-id=\"13\"><label class=\"wpforms-field-label\" for=\"wpforms-2499-field_13\">City<\/label><textarea id=\"wpforms-2499-field_13\" class=\"wpforms-field-medium\" name=\"wpforms[fields][13]\" ><\/textarea><\/div><div id=\"wpforms-2499-field_2-container\" class=\"wpforms-field wpforms-field-radio\" data-field-id=\"2\"><label class=\"wpforms-field-label\" for=\"wpforms-2499-field_2\">Are you a health personnel?<\/label><ul id=\"wpforms-2499-field_2\"><li class=\"choice-1 depth-1\"><input type=\"radio\" id=\"wpforms-2499-field_2_1\" name=\"wpforms[fields][2]\" value=\"Si\"  ><label class=\"wpforms-field-label-inline\" for=\"wpforms-2499-field_2_1\">Yes<\/label><\/li><li class=\"choice-2 depth-1\"><input type=\"radio\" id=\"wpforms-2499-field_2_2\" name=\"wpforms[fields][2]\" value=\"No\"  ><label class=\"wpforms-field-label-inline\" for=\"wpforms-2499-field_2_2\">No<\/label><\/li><\/ul><\/div><div id=\"wpforms-2499-field_5-container\" class=\"wpforms-field wpforms-field-radio\" data-field-id=\"5\"><label class=\"wpforms-field-label\" for=\"wpforms-2499-field_5\">Interested in<\/label><ul id=\"wpforms-2499-field_5\"><li class=\"choice-1 depth-1\"><input type=\"radio\" id=\"wpforms-2499-field_5_1\" name=\"wpforms[fields][5]\" value=\"Shark Cp\"  ><label class=\"wpforms-field-label-inline\" for=\"wpforms-2499-field_5_1\">Shark Cp<\/label><\/li><li class=\"choice-2 depth-1\"><input type=\"radio\" id=\"wpforms-2499-field_5_2\" name=\"wpforms[fields][5]\" value=\"Octopoda\"  ><label class=\"wpforms-field-label-inline\" for=\"wpforms-2499-field_5_2\">Octopoda<\/label><\/li><li class=\"choice-3 depth-1\"><input type=\"radio\" id=\"wpforms-2499-field_5_3\" name=\"wpforms[fields][5]\" value=\"iVAC 2L\"  ><label class=\"wpforms-field-label-inline\" for=\"wpforms-2499-field_5_3\">iVAC 2L<\/label><\/li><li class=\"choice-4 depth-1\"><input type=\"radio\" id=\"wpforms-2499-field_5_4\" name=\"wpforms[fields][5]\" value=\"Productos para Angiograf\u00edas Coronarias\"  ><label class=\"wpforms-field-label-inline\" for=\"wpforms-2499-field_5_4\">Productos para Angiograf\u00edas Coronarias<\/label><\/li><li class=\"choice-5 depth-1\"><input type=\"radio\" id=\"wpforms-2499-field_5_5\" name=\"wpforms[fields][5]\" value=\"Implantes de cr\u00e1neo Ossis Novum 3D\"  ><label class=\"wpforms-field-label-inline\" for=\"wpforms-2499-field_5_5\">Implantes de cr\u00e1neo Ossis Novum 3D<\/label><\/li><li class=\"choice-6 depth-1\"><input type=\"radio\" id=\"wpforms-2499-field_5_6\" name=\"wpforms[fields][5]\" value=\"Implantes de cr\u00e1neo PEEK\"  ><label class=\"wpforms-field-label-inline\" for=\"wpforms-2499-field_5_6\">Implantes de cr\u00e1neo PEEK<\/label><\/li><li class=\"choice-7 depth-1\"><input type=\"radio\" id=\"wpforms-2499-field_5_7\" name=\"wpforms[fields][5]\" value=\"Puntas de Electrocauterio\"  ><label class=\"wpforms-field-label-inline\" for=\"wpforms-2499-field_5_7\">Electrocautery Tips<\/label><\/li><\/ul><\/div><div id=\"wpforms-2499-field_6-container\" class=\"wpforms-field wpforms-field-textarea\" data-field-id=\"6\"><label class=\"wpforms-field-label\" for=\"wpforms-2499-field_6\">Comentarios <\/label><textarea id=\"wpforms-2499-field_6\" class=\"wpforms-field-medium\" name=\"wpforms[fields][6]\" ><\/textarea><\/div><\/div><!-- .wpforms-field-container --><div class=\"wpforms-submit-container\" ><input type=\"hidden\" name=\"wpforms[id]\" value=\"2499\"><input type=\"hidden\" name=\"page_title\" value=\"\"><input type=\"hidden\" name=\"page_url\" value=\"https:\/\/arfmedical.com\/en\/wp-json\/wp\/v2\/pages\/2495\"><button type=\"submit\" name=\"wpforms[submit]\" id=\"wpforms-submit-2499\" class=\"wpforms-submit\" data-alt-text=\"Sending...\" data-submit-text=\"Submit\" aria-live=\"assertive\" value=\"wpforms-submit\">Submit<\/button><img decoding=\"async\" src=\"https:\/\/arfmedical.com\/wp-content\/plugins\/wpforms-lite\/assets\/images\/submit-spin.svg\" class=\"wpforms-submit-spinner\" style=\"display: none;\" width=\"26\" height=\"26\" alt=\"Loading\"><\/div><input type=\"hidden\" name=\"trp-form-language\" value=\"en\"\/><\/form><\/div>  <!-- .wpforms-container -->\t\t\t\t<\/div>\n\t\t\t\t<\/div>\n\t\t\t\t<\/div>\n\t\t<div class=\"elementor-element elementor-element-0d92035 e-flex e-con-boxed e-con e-parent\" data-id=\"0d92035\" data-element_type=\"container\" data-e-type=\"container\">\n\t\t\t\t\t<div class=\"e-con-inner\">\n\t\t\t\t<div class=\"elementor-element elementor-element-e71aed2 elementor-widget-divider--view-line exad-sticky-section-no exad-glass-effect-no elementor-widget elementor-widget-divider\" data-id=\"e71aed2\" data-element_type=\"widget\" data-e-type=\"widget\" data-widget_type=\"divider.default\">\n\t\t\t\t<div class=\"elementor-widget-container\">\n\t\t\t\t\t\t\t<div class=\"elementor-divider\">\n\t\t\t<span class=\"elementor-divider-separator\">\n\t\t\t\t\t\t<\/span>\n\t\t<\/div>\n\t\t\t\t\t\t<\/div>\n\t\t\t\t<\/div>\n\t\t\t\t<div class=\"elementor-element elementor-element-72d6262 exad-sticky-section-no exad-glass-effect-no elementor-invisible elementor-widget elementor-widget-heading\" data-id=\"72d6262\" data-element_type=\"widget\" data-e-type=\"widget\" data-settings=\"{&quot;_animation&quot;:&quot;fadeIn&quot;}\" data-widget_type=\"heading.default\">\n\t\t\t\t<div class=\"elementor-widget-container\">\n\t\t\t\t\t<h2 class=\"elementor-heading-title elementor-size-default\">Nuestros Distribuidores Oficiales<\/h2>\t\t\t\t<\/div>\n\t\t\t\t<\/div>\n\t\t\t\t\t<\/div>\n\t\t\t\t<\/div>\n\t\t<div class=\"elementor-element elementor-element-743af2f e-con-full e-flex e-con e-parent\" data-id=\"743af2f\" data-element_type=\"container\" data-e-type=\"container\">\n\t\t\t\t<div class=\"elementor-element elementor-element-e1d54be exad-sticky-section-no exad-glass-effect-no elementor-widget elementor-widget-image\" data-id=\"e1d54be\" data-element_type=\"widget\" data-e-type=\"widget\" data-widget_type=\"image.default\">\n\t\t\t\t<div class=\"elementor-widget-container\">\n\t\t\t\t\t\t\t\t\t\t\t\t\t\t\t<img fetchpriority=\"high\" decoding=\"async\" width=\"1024\" height=\"136\" src=\"https:\/\/arfmedical.com\/wp-content\/uploads\/2026\/03\/Marcas-arf_Mesa-de-trabajo-1-02-1024x136.png\" class=\"elementor-animation-grow attachment-large size-large wp-image-3220\" alt=\"\" srcset=\"https:\/\/arfmedical.com\/wp-content\/uploads\/2026\/03\/Marcas-arf_Mesa-de-trabajo-1-02-1024x136.png 1024w, https:\/\/arfmedical.com\/wp-content\/uploads\/2026\/03\/Marcas-arf_Mesa-de-trabajo-1-02-300x40.png 300w, https:\/\/arfmedical.com\/wp-content\/uploads\/2026\/03\/Marcas-arf_Mesa-de-trabajo-1-02-768x102.png 768w, https:\/\/arfmedical.com\/wp-content\/uploads\/2026\/03\/Marcas-arf_Mesa-de-trabajo-1-02-1536x204.png 1536w, https:\/\/arfmedical.com\/wp-content\/uploads\/2026\/03\/Marcas-arf_Mesa-de-trabajo-1-02-2048x272.png 2048w, https:\/\/arfmedical.com\/wp-content\/uploads\/2026\/03\/Marcas-arf_Mesa-de-trabajo-1-02-18x2.png 18w\" sizes=\"(max-width: 1024px) 100vw, 1024px\" \/>\t\t\t\t\t\t\t\t\t\t\t\t\t\t\t<\/div>\n\t\t\t\t<\/div>\n\t\t\t\t<div class=\"elementor-element elementor-element-d463757 elementor-widget-divider--view-line exad-sticky-section-no exad-glass-effect-no elementor-widget elementor-widget-divider\" data-id=\"d463757\" data-element_type=\"widget\" data-e-type=\"widget\" data-widget_type=\"divider.default\">\n\t\t\t\t<div class=\"elementor-widget-container\">\n\t\t\t\t\t\t\t<div class=\"elementor-divider\">\n\t\t\t<span class=\"elementor-divider-separator\">\n\t\t\t\t\t\t<\/span>\n\t\t<\/div>\n\t\t\t\t\t\t<\/div>\n\t\t\t\t<\/div>\n\t\t\t\t<\/div>\n\t\t\t\t<\/div>","protected":false},"excerpt":{"rendered":"<p>Quiero ser Distribuidor En breve un experto se pondr\u00e1 en contacto con usted. Por favor, activa JavaScript en tu navegador para completar este formulario.Nombre *NombreApellidosEmail *N\u00fameroCiudad\u00bfEres personal de la salud? Si No Interesado en Shark Cp Octopoda iVAC 2L Productos para Angiograf\u00edas Coronarias Implantes de cr\u00e1neo Ossis Novum 3D Implantes de cr\u00e1neo PEEK Puntas de [&hellip;]<\/p>","protected":false},"author":4,"featured_media":0,"parent":0,"menu_order":0,"comment_status":"closed","ping_status":"closed","template":"","meta":{"om_disable_all_campaigns":false,"_uag_custom_page_level_css":"","_monsterinsights_skip_tracking":false,"_monsterinsights_sitenote_active":false,"_monsterinsights_sitenote_note":"","_monsterinsights_sitenote_category":0,"_uf_show_specific_survey":0,"_uf_disable_surveys":false,"site-sidebar-layout":"no-sidebar","site-content-layout":"page-builder","ast-site-content-layout":"full-width-container","site-content-style":"default","site-sidebar-style":"default","ast-global-header-display":"","ast-banner-title-visibility":"","ast-main-header-display":"","ast-hfb-above-header-display":"","ast-hfb-below-header-display":"","ast-hfb-mobile-header-display":"","site-post-title":"disabled","ast-breadcrumbs-content":"","ast-featured-img":"disabled","footer-sml-layout":"","theme-transparent-header-meta":"","adv-header-id-meta":"","stick-header-meta":"","header-above-stick-meta":"","header-main-stick-meta":"","header-below-stick-meta":"","astra-migrate-meta-layouts":"set","ast-page-background-enabled":"default","ast-page-background-meta":{"desktop":{"background-color":"","background-image":"","background-repeat":"repeat","background-position":"center center","background-size":"auto","background-attachment":"scroll","background-type":"","background-media":"","overlay-type":"","overlay-color":"","overlay-opacity":"","overlay-gradient":""},"tablet":{"background-color":"","background-image":"","background-repeat":"repeat","background-position":"center center","background-size":"auto","background-attachment":"scroll","background-type":"","background-media":"","overlay-type":"","overlay-color":"","overlay-opacity":"","overlay-gradient":""},"mobile":{"background-color":"","background-image":"","background-repeat":"repeat","background-position":"center center","background-size":"auto","background-attachment":"scroll","background-type":"","background-media":"","overlay-type":"","overlay-color":"","overlay-opacity":"","overlay-gradient":""}},"ast-content-background-meta":{"desktop":{"background-color":"var(--ast-global-color-5)","background-image":"","background-repeat":"repeat","background-position":"center center","background-size":"auto","background-attachment":"scroll","background-type":"","background-media":"","overlay-type":"","overlay-color":"","overlay-opacity":"","overlay-gradient":""},"tablet":{"background-color":"var(--ast-global-color-5)","background-image":"","background-repeat":"repeat","background-position":"center center","background-size":"auto","background-attachment":"scroll","background-type":"","background-media":"","overlay-type":"","overlay-color":"","overlay-opacity":"","overlay-gradient":""},"mobile":{"background-color":"var(--ast-global-color-5)","background-image":"","background-repeat":"repeat","background-position":"center center","background-size":"auto","background-attachment":"scroll","background-type":"","background-media":"","overlay-type":"","overlay-color":"","overlay-opacity":"","overlay-gradient":""}},"_joinchat":[],"footnotes":""},"class_list":["post-2495","page","type-page","status-publish","hentry"],"aioseo_notices":[],"uagb_featured_image_src":{"full":false,"thumbnail":false,"medium":false,"medium_large":false,"large":false,"1536x1536":false,"2048x2048":false,"trp-custom-language-flag":false},"uagb_author_info":{"display_name":"Jesus Ceron","author_link":"https:\/\/arfmedical.com\/en\/author\/jesus\/"},"uagb_comment_info":0,"uagb_excerpt":"Quiero ser Distribuidor En breve un experto se pondr\u00e1 en contacto con usted. Por favor, activa JavaScript en tu navegador para completar este formulario.Nombre *NombreApellidosEmail *N\u00fameroCiudad\u00bfEres personal de la salud? Si No Interesado en Shark Cp Octopoda iVAC 2L Productos para Angiograf\u00edas Coronarias Implantes de cr\u00e1neo Ossis Novum 3D Implantes de cr\u00e1neo PEEK Puntas de&hellip;","_links":{"self":[{"href":"https:\/\/arfmedical.com\/en\/wp-json\/wp\/v2\/pages\/2495","targetHints":{"allow":["GET"]}}],"collection":[{"href":"https:\/\/arfmedical.com\/en\/wp-json\/wp\/v2\/pages"}],"about":[{"href":"https:\/\/arfmedical.com\/en\/wp-json\/wp\/v2\/types\/page"}],"author":[{"embeddable":true,"href":"https:\/\/arfmedical.com\/en\/wp-json\/wp\/v2\/users\/4"}],"replies":[{"embeddable":true,"href":"https:\/\/arfmedical.com\/en\/wp-json\/wp\/v2\/comments?post=2495"}],"version-history":[{"count":65,"href":"https:\/\/arfmedical.com\/en\/wp-json\/wp\/v2\/pages\/2495\/revisions"}],"predecessor-version":[{"id":3223,"href":"https:\/\/arfmedical.com\/en\/wp-json\/wp\/v2\/pages\/2495\/revisions\/3223"}],"wp:attachment":[{"href":"https:\/\/arfmedical.com\/en\/wp-json\/wp\/v2\/media?parent=2495"}],"curies":[{"name":"wp","href":"https:\/\/api.w.org\/{rel}","templated":true}]}}