{"id":2599,"date":"2024-08-23T15:56:49","date_gmt":"2024-08-23T21:56:49","guid":{"rendered":"https:\/\/arfmedical.com\/?page_id=2599"},"modified":"2024-08-23T16:05:33","modified_gmt":"2024-08-23T22:05:33","slug":"2599-2","status":"publish","type":"page","link":"https:\/\/arfmedical.com\/en\/2599-2\/","title":{"rendered":""},"content":{"rendered":"<div data-elementor-type=\"wp-page\" data-elementor-id=\"2599\" class=\"elementor elementor-2599\">\n\t\t\t\t<div class=\"elementor-element elementor-element-28ee5a49 e-flex e-con-boxed e-con e-parent\" data-id=\"28ee5a49\" data-element_type=\"container\" data-e-type=\"container\">\n\t\t\t\t\t<div class=\"e-con-inner\">\n\t\t\t\t<div class=\"elementor-element elementor-element-6c387a1f exad-sticky-section-no exad-glass-effect-no elementor-invisible elementor-widget elementor-widget-text-editor\" data-id=\"6c387a1f\" data-element_type=\"widget\" data-e-type=\"widget\" data-settings=\"{&quot;_animation&quot;:&quot;fadeIn&quot;}\" data-widget_type=\"text-editor.default\">\n\t\t\t\t<div class=\"elementor-widget-container\">\n\t\t\t\t\t\t\t\t\t\n<p><form method=\"GET\" action=\"https:\/\/arfmedical.com\/en\/2599-2\/\" id=\"jobwp-search-form\" data-trp-original-action=\"https:\/\/arfmedical.com\/en\/2599-2\/\">\r\n\r\n    <div class=\"jobwp-search-container\">\r\n        \r\n                    <div class=\"jobwp-search-item\">\r\n                <input type=\"text\" name=\"jobwp_title_s\" placeholder=\"Keyword\" value=\"\">\r\n            <\/div>\r\n                        <div class=\"jobwp-search-item\">\r\n                <select id=\"jobwp_category_s\" name=\"jobwp_category_s\">\r\n                    <option value=\"\">All Job Category<\/option>\r\n                                            <option value=\"Accounting &amp; Finance\" >Accounting &amp; Finance<\/option>\r\n                                                <option value=\"Comercial\" >Comercial<\/option>\r\n                                        <\/select>\r\n            <\/div>\r\n                        <div class=\"jobwp-search-item\">\r\n                <select id=\"jobwp_type_s\" name=\"jobwp_type_s\">\r\n                    <option value=\"\">All Job Type<\/option>\r\n                                            <option value=\"Full Time\" >Full Time<\/option>\r\n                                        <\/select>\r\n            <\/div>\r\n                        <div class=\"jobwp-search-item\">\r\n                <select id=\"jobwp_location_s\" name=\"jobwp_location_s\">\r\n                    <option value=\"\">All Job Location<\/option>\r\n                                            <option value=\"Oficina\" >Oficina<\/option>\r\n                                        <\/select>\r\n            <\/div>\r\n            \r\n        <div class=\"jobwp-search-item\">\r\n            <input type=\"submit\" class=\"button submit-btn\" value=\"Search Job\">\r\n        <\/div>\r\n\r\n        <div class=\"jobwp-search-item\">\r\n            <a href=\"https:\/\/arfmedical.com\/en\/2599-2\/\" class=\"fa fa-refresh\" id=\"jobwp-search-refresh\"><\/a>\r\n        <\/div>\r\n    \r\n    <\/div>\r\n\r\n<input type=\"hidden\" name=\"trp-form-language\" value=\"en\"\/><\/form><style type=\"text\/css\">\r\n  \/* Search Panel Started *\/\r\n  .jobwp-search-container {\r\n    background-color: #FFF;\r\n    border-color: #DDD;\r\n  }\r\n  .jobwp-search-container .jobwp-search-item input[type=\"text\"],\r\n  .jobwp-search-container .jobwp-search-item select {\r\n    background-color: #FFF;\r\n    border-color: #DDD;\r\n    font-size: 12px;\r\n  }\r\n  .jobwp-search-container .jobwp-search-item .submit-btn {\r\n    background-color: #13b5ea;\r\n    color: #FFF;\r\n    font-size: 14px;\r\n    line-height: 14px;\r\n  }\r\n  .jobwp-search-container .jobwp-search-item .submit-btn:hover {\r\n    background-color: #6fa0df;\r\n    color: #FFF;\r\n    border-color: #6fa0df;\r\n  }\r\n  \/* Search Panel Ended *\/\r\n  \/* Job Item *\/\r\n  .jobwp-listing-body-container .jobwp-item {\r\n    border: 1px solid #DDD;\r\n    background-color: #FFF;\r\n  }\r\n  \/* Job Listing *\/\r\n  .jobwp-item .jobwp-job-title a.jobwp-job-title-a {\r\n    color: #242424;\r\n    font-size: 20px;\r\n    line-height: 30px;\r\n  }\r\n  \/* Job overview *\/\r\n  .jobwp-item p.jobwp-overview-excerpt {\r\n    color: #555555;\r\n    font-size: 14px;\r\n  }\r\n  \/* Job info *\/\r\n  .jobwp-item .jobwp-bottom .jobwp-list-bottom-item i.fa,\r\n  .jobwp-item .jobwp-bottom .jobwp-list-bottom-item i.fa-solid,\r\n  .jobwp-item .jobwp-bottom .jobwp-list-bottom-item strong.primary-color {\r\n    color: #555555;\r\n    font-size: 16px;\r\n  }\r\n<\/style>    <div class=\"jobwp-listing-top\">\r\n                    <div class=\"jobwp-total-jobs-found\">\r\n                <div class=\"jobwp-total-jobs-found-total\">6&nbsp;Jobs Found<\/div>\r\n                <div class=\"jobwp-total-jobs-found-per-page\">    \r\n                    Displayed Here: <span>1 &#8211; 6<\/span> Jobs                <\/div>\r\n            <\/div>\r\n                    <div class=\"jobwp-select-view\">\r\n            View:\r\n            <span class=\"view list active\" data-view_type=\"list\"><i class=\"fa fa-list\" aria-hidden=\"true\"><\/i><\/span>\r\n            <span class=\"view grid\" data-view_type=\"grid\"><i class=\"fas fa-th-large\"><\/i><\/span>\r\n        <\/div>\r\n    <\/div>\r\n    <div class=\"jobwp-listing-body-container list\">\r\n                    <div class=\"jobwp-item\">\r\n                <div class=\"jobwp-top\">\r\n                                        <div class=\"jobwp-top-left\">\r\n                        <h3 class=\"jobwp-job-title\"><a href=\"https:\/\/arfmedical.com\/en\/jobs\/auxiliar-de-recursos-humanos\/\" class=\"jobwp-job-title-a\">Auxiliar de Recursos Humanos<\/a><\/h3>\r\n                                                    <p class=\"jobwp-overview-excerpt\">\r\n                                \ud83c\udfaf Objetivo del puesto: Auxiliar en los procesos administrativos y operativos de recursos humanos para asegurar el cumplimiento de las normas, leyes mexicanas y el sistema de gesti\u00f3n de calidad,&#8230;                            <\/p>\r\n                                                <\/div>\r\n                                    <\/div>\r\n                <div class=\"jobwp-bottom\">\r\n                                            <div class=\"jobwp-list-bottom-item pull-left\">\r\n                            <i class=\"fa fa-briefcase\" aria-hidden=\"true\"><\/i>\r\n                            <strong class=\"primary-color\">Experience:<\/strong>\r\n                            <span class=\"ng-binding\">\r\n                                 Years                            <\/span>\r\n                        <\/div>\r\n                                                <div class=\"jobwp-list-bottom-item pull-right\">\r\n                            <i class=\"fa fa-calendar-days\" aria-hidden=\"true\"><\/i>\r\n                            <strong class=\"primary-color\">Deadline:<\/strong>\r\n                            <span class=\"ng-binding\">\r\n                                01 Jan, 1970                            <\/span>\r\n                        <\/div>\r\n                                        <\/div>\r\n                <div class=\"jobwp-bottom clear\">\r\n                                            <div class=\"jobwp-list-bottom-item pull-left\">\r\n                            <i class=\"fa-solid fa-location-dot\"><\/i>\r\n                            <strong class=\"primary-color\">Location:<\/strong>\r\n                            <span>\r\n                                                        <\/span>\r\n                        <\/div>\r\n                                                <div class=\"jobwp-list-bottom-item pull-right\">\r\n                            <i class=\"fa-solid fa-graduation-cap\"><\/i>\r\n                            <strong class=\"primary-color\">Job Type:<\/strong>\r\n                            <span>\r\n                            Full Time                            <\/span>\r\n                        <\/div>\r\n                                        <\/div>\r\n            <\/div>\r\n                        <div class=\"jobwp-item\">\r\n                <div class=\"jobwp-top\">\r\n                                        <div class=\"jobwp-top-left\">\r\n                        <h3 class=\"jobwp-job-title\"><a href=\"https:\/\/arfmedical.com\/en\/jobs\/especialista-clinico\/\" class=\"jobwp-job-title-a\">ESPECIALISTA CLINICO<\/a><\/h3>\r\n                                                    <p class=\"jobwp-overview-excerpt\">\r\n                                \ud83c\udfaf Objetivo del puesto: Brindar soporte t\u00e9cnico especializado y asegurar el funcionamiento adecuado de dispositivos m\u00e9dicos de electrofisiolog\u00eda y ritmo card\u00edaco contribuyendo al proceso de promoci\u00f3n y venta de los&#8230;                            <\/p>\r\n                                                <\/div>\r\n                                    <\/div>\r\n                <div class=\"jobwp-bottom\">\r\n                                            <div class=\"jobwp-list-bottom-item pull-left\">\r\n                            <i class=\"fa fa-briefcase\" aria-hidden=\"true\"><\/i>\r\n                            <strong class=\"primary-color\">Experience:<\/strong>\r\n                            <span class=\"ng-binding\">\r\n                                 Years                            <\/span>\r\n                        <\/div>\r\n                                                <div class=\"jobwp-list-bottom-item pull-right\">\r\n                            <i class=\"fa fa-calendar-days\" aria-hidden=\"true\"><\/i>\r\n                            <strong class=\"primary-color\">Deadline:<\/strong>\r\n                            <span class=\"ng-binding\">\r\n                                Closed                            <\/span>\r\n                        <\/div>\r\n                                        <\/div>\r\n                <div class=\"jobwp-bottom clear\">\r\n                                            <div class=\"jobwp-list-bottom-item pull-left\">\r\n                            <i class=\"fa-solid fa-location-dot\"><\/i>\r\n                            <strong class=\"primary-color\">Location:<\/strong>\r\n                            <span>\r\n                            Oficina                            <\/span>\r\n                        <\/div>\r\n                                                <div class=\"jobwp-list-bottom-item pull-right\">\r\n                            <i class=\"fa-solid fa-graduation-cap\"><\/i>\r\n                            <strong class=\"primary-color\">Job Type:<\/strong>\r\n                            <span>\r\n                            Full Time                            <\/span>\r\n                        <\/div>\r\n                                        <\/div>\r\n            <\/div>\r\n                        <div class=\"jobwp-item\">\r\n                <div class=\"jobwp-top\">\r\n                                        <div class=\"jobwp-top-left\">\r\n                        <h3 class=\"jobwp-job-title\"><a href=\"https:\/\/arfmedical.com\/en\/jobs\/auxiliar-de-cuentas-por-cobrar-y-pagar-administrativo\/\" class=\"jobwp-job-title-a\">AUXILIAR DE CUENTAS POR COBRAR Y PAGAR (Administrativo)<\/a><\/h3>\r\n                                                    <p class=\"jobwp-overview-excerpt\">\r\n                                \ud83c\udfaf Objetivo del puesto: Mantener en orden las cuentas por pagar y cobrar para el pago y cobro oportuno de facturas, as\u00ed como brindar apoyo al almac\u00e9n para su correcto&#8230;                            <\/p>\r\n                                                <\/div>\r\n                                    <\/div>\r\n                <div class=\"jobwp-bottom\">\r\n                                            <div class=\"jobwp-list-bottom-item pull-left\">\r\n                            <i class=\"fa fa-briefcase\" aria-hidden=\"true\"><\/i>\r\n                            <strong class=\"primary-color\">Experience:<\/strong>\r\n                            <span class=\"ng-binding\">\r\n                                 Years                            <\/span>\r\n                        <\/div>\r\n                                                <div class=\"jobwp-list-bottom-item pull-right\">\r\n                            <i class=\"fa fa-calendar-days\" aria-hidden=\"true\"><\/i>\r\n                            <strong class=\"primary-color\">Deadline:<\/strong>\r\n                            <span class=\"ng-binding\">\r\n                                Closed                            <\/span>\r\n                        <\/div>\r\n                                        <\/div>\r\n                <div class=\"jobwp-bottom clear\">\r\n                                            <div class=\"jobwp-list-bottom-item pull-left\">\r\n                            <i class=\"fa-solid fa-location-dot\"><\/i>\r\n                            <strong class=\"primary-color\">Location:<\/strong>\r\n                            <span>\r\n                            Oficina                            <\/span>\r\n                        <\/div>\r\n                                                <div class=\"jobwp-list-bottom-item pull-right\">\r\n                            <i class=\"fa-solid fa-graduation-cap\"><\/i>\r\n                            <strong class=\"primary-color\">Job Type:<\/strong>\r\n                            <span>\r\n                            Full Time                            <\/span>\r\n                        <\/div>\r\n                                        <\/div>\r\n            <\/div>\r\n                        <div class=\"jobwp-item\">\r\n                <div class=\"jobwp-top\">\r\n                                        <div class=\"jobwp-top-left\">\r\n                        <h3 class=\"jobwp-job-title\"><a href=\"https:\/\/arfmedical.com\/en\/jobs\/ingeniero-biomedico\/\" class=\"jobwp-job-title-a\">Ingeniero Biom\u00e9dico<\/a><\/h3>\r\n                                                    <p class=\"jobwp-overview-excerpt\">\r\n                                Buscamos un ingeniero biom\u00e9dico con experiencia en sistemas de inteligencia artificial, con capacidad de exposici\u00f3n y negociaci\u00f3n con los clientes.                            <\/p>\r\n                                                <\/div>\r\n                                    <\/div>\r\n                <div class=\"jobwp-bottom\">\r\n                                            <div class=\"jobwp-list-bottom-item pull-left\">\r\n                            <i class=\"fa fa-briefcase\" aria-hidden=\"true\"><\/i>\r\n                            <strong class=\"primary-color\">Experience:<\/strong>\r\n                            <span class=\"ng-binding\">\r\n                                 Years                            <\/span>\r\n                        <\/div>\r\n                                                <div class=\"jobwp-list-bottom-item pull-right\">\r\n                            <i class=\"fa fa-calendar-days\" aria-hidden=\"true\"><\/i>\r\n                            <strong class=\"primary-color\">Deadline:<\/strong>\r\n                            <span class=\"ng-binding\">\r\n                                Closed                            <\/span>\r\n                        <\/div>\r\n                                        <\/div>\r\n                <div class=\"jobwp-bottom clear\">\r\n                                            <div class=\"jobwp-list-bottom-item pull-left\">\r\n                            <i class=\"fa-solid fa-location-dot\"><\/i>\r\n                            <strong class=\"primary-color\">Location:<\/strong>\r\n                            <span>\r\n                            Oficina                            <\/span>\r\n                        <\/div>\r\n                                                <div class=\"jobwp-list-bottom-item pull-right\">\r\n                            <i class=\"fa-solid fa-graduation-cap\"><\/i>\r\n                            <strong class=\"primary-color\">Job Type:<\/strong>\r\n                            <span>\r\n                            Full Time                            <\/span>\r\n                        <\/div>\r\n                                        <\/div>\r\n            <\/div>\r\n                        <div class=\"jobwp-item\">\r\n                <div class=\"jobwp-top\">\r\n                                        <div class=\"jobwp-top-left\">\r\n                        <h3 class=\"jobwp-job-title\"><a href=\"https:\/\/arfmedical.com\/en\/jobs\/especialista-de-producto\/\" class=\"jobwp-job-title-a\">Especialista de Producto<\/a><\/h3>\r\n                                                    <p class=\"jobwp-overview-excerpt\">\r\n                                Somos una empresa importadora y comercializadora de implantes m\u00e9dicos, estamos certificados como una Gran Empresa para trabajar y nos encontramos en proceso de contrataci\u00f3n de Enfermeros para Especialista de producto&#8230;.                            <\/p>\r\n                                                <\/div>\r\n                                    <\/div>\r\n                <div class=\"jobwp-bottom\">\r\n                                            <div class=\"jobwp-list-bottom-item pull-left\">\r\n                            <i class=\"fa fa-briefcase\" aria-hidden=\"true\"><\/i>\r\n                            <strong class=\"primary-color\">Experience:<\/strong>\r\n                            <span class=\"ng-binding\">\r\n                                 Years                            <\/span>\r\n                        <\/div>\r\n                                                <div class=\"jobwp-list-bottom-item pull-right\">\r\n                            <i class=\"fa fa-calendar-days\" aria-hidden=\"true\"><\/i>\r\n                            <strong class=\"primary-color\">Deadline:<\/strong>\r\n                            <span class=\"ng-binding\">\r\n                                Closed                            <\/span>\r\n                        <\/div>\r\n                                        <\/div>\r\n                <div class=\"jobwp-bottom clear\">\r\n                                            <div class=\"jobwp-list-bottom-item pull-left\">\r\n                            <i class=\"fa-solid fa-location-dot\"><\/i>\r\n                            <strong class=\"primary-color\">Location:<\/strong>\r\n                            <span>\r\n                            Oficina                            <\/span>\r\n                        <\/div>\r\n                                                <div class=\"jobwp-list-bottom-item pull-right\">\r\n                            <i class=\"fa-solid fa-graduation-cap\"><\/i>\r\n                            <strong class=\"primary-color\">Job Type:<\/strong>\r\n                            <span>\r\n                            Full Time                            <\/span>\r\n                        <\/div>\r\n                                        <\/div>\r\n            <\/div>\r\n                        <div class=\"jobwp-item\">\r\n                <div class=\"jobwp-top\">\r\n                                        <div class=\"jobwp-top-left\">\r\n                        <h3 class=\"jobwp-job-title\"><a href=\"https:\/\/arfmedical.com\/en\/jobs\/mandanos-tu-cv\/\" class=\"jobwp-job-title-a\">M\u00e1ndanos tu CV<\/a><\/h3>\r\n                                                    <p class=\"jobwp-overview-excerpt\">\r\n                                \u00bfTe interesa unirte a nuestro equipo? Env\u00edanos tu CV.                            <\/p>\r\n                                                <\/div>\r\n                                    <\/div>\r\n                <div class=\"jobwp-bottom\">\r\n                                            <div class=\"jobwp-list-bottom-item pull-left\">\r\n                            <i class=\"fa fa-briefcase\" aria-hidden=\"true\"><\/i>\r\n                            <strong class=\"primary-color\">Experience:<\/strong>\r\n                            <span class=\"ng-binding\">\r\n                                 Years                            <\/span>\r\n                        <\/div>\r\n                                                <div class=\"jobwp-list-bottom-item pull-right\">\r\n                            <i class=\"fa fa-calendar-days\" aria-hidden=\"true\"><\/i>\r\n                            <strong class=\"primary-color\">Deadline:<\/strong>\r\n                            <span class=\"ng-binding\">\r\n                                Closed                            <\/span>\r\n                        <\/div>\r\n                                        <\/div>\r\n                <div class=\"jobwp-bottom clear\">\r\n                                            <div class=\"jobwp-list-bottom-item pull-left\">\r\n                            <i class=\"fa-solid fa-location-dot\"><\/i>\r\n                            <strong class=\"primary-color\">Location:<\/strong>\r\n                            <span>\r\n                                                        <\/span>\r\n                        <\/div>\r\n                                                <div class=\"jobwp-list-bottom-item pull-right\">\r\n                            <i class=\"fa-solid fa-graduation-cap\"><\/i>\r\n                            <strong class=\"primary-color\">Job Type:<\/strong>\r\n                            <span>\r\n                            Full Time                            <\/span>\r\n                        <\/div>\r\n                                        <\/div>\r\n            <\/div>\r\n                <\/div>\r\n    <div class=\"jobwp-pagination\">\r\n            <\/div>\r\n    <\/p>\n\t\t\t\t\t\t\t\t<\/div>\n\t\t\t\t<\/div>\n\t\t\t\t\t<\/div>\n\t\t\t\t<\/div>\n\t\t\t\t<\/div>","protected":false},"excerpt":{"rendered":"","protected":false},"author":4,"featured_media":0,"parent":0,"menu_order":0,"comment_status":"closed","ping_status":"closed","template":"","meta":{"om_disable_all_campaigns":false,"_uag_custom_page_level_css":"","_monsterinsights_skip_tracking":false,"_monsterinsights_sitenote_active":false,"_monsterinsights_sitenote_note":"","_monsterinsights_sitenote_category":0,"_uf_show_specific_survey":0,"_uf_disable_surveys":false,"site-sidebar-layout":"default","site-content-layout":"","ast-site-content-layout":"default","site-content-style":"default","site-sidebar-style":"default","ast-global-header-display":"","ast-banner-title-visibility":"","ast-main-header-display":"","ast-hfb-above-header-display":"","ast-hfb-below-header-display":"","ast-hfb-mobile-header-display":"","site-post-title":"","ast-breadcrumbs-content":"","ast-featured-img":"","footer-sml-layout":"","theme-transparent-header-meta":"","adv-header-id-meta":"","stick-header-meta":"","header-above-stick-meta":"","header-main-stick-meta":"","header-below-stick-meta":"","astra-migrate-meta-layouts":"set","ast-page-background-enabled":"default","ast-page-background-meta":{"desktop":{"background-color":"","background-image":"","background-repeat":"repeat","background-position":"center center","background-size":"auto","background-attachment":"scroll","background-type":"","background-media":"","overlay-type":"","overlay-color":"","overlay-opacity":"","overlay-gradient":""},"tablet":{"background-color":"","background-image":"","background-repeat":"repeat","background-position":"center center","background-size":"auto","background-attachment":"scroll","background-type":"","background-media":"","overlay-type":"","overlay-color":"","overlay-opacity":"","overlay-gradient":""},"mobile":{"background-color":"","background-image":"","background-repeat":"repeat","background-position":"center center","background-size":"auto","background-attachment":"scroll","background-type":"","background-media":"","overlay-type":"","overlay-color":"","overlay-opacity":"","overlay-gradient":""}},"ast-content-background-meta":{"desktop":{"background-color":"var(--ast-global-color-5)","background-image":"","background-repeat":"repeat","background-position":"center center","background-size":"auto","background-attachment":"scroll","background-type":"","background-media":"","overlay-type":"","overlay-color":"","overlay-opacity":"","overlay-gradient":""},"tablet":{"background-color":"var(--ast-global-color-5)","background-image":"","background-repeat":"repeat","background-position":"center center","background-size":"auto","background-attachment":"scroll","background-type":"","background-media":"","overlay-type":"","overlay-color":"","overlay-opacity":"","overlay-gradient":""},"mobile":{"background-color":"var(--ast-global-color-5)","background-image":"","background-repeat":"repeat","background-position":"center center","background-size":"auto","background-attachment":"scroll","background-type":"","background-media":"","overlay-type":"","overlay-color":"","overlay-opacity":"","overlay-gradient":""}},"_joinchat":[],"footnotes":""},"class_list":["post-2599","page","type-page","status-publish","hentry"],"aioseo_notices":[],"uagb_featured_image_src":{"full":false,"thumbnail":false,"medium":false,"medium_large":false,"large":false,"1536x1536":false,"2048x2048":false,"trp-custom-language-flag":false},"uagb_author_info":{"display_name":"Jesus Ceron","author_link":"https:\/\/arfmedical.com\/en\/author\/jesus\/"},"uagb_comment_info":0,"uagb_excerpt":null,"_links":{"self":[{"href":"https:\/\/arfmedical.com\/en\/wp-json\/wp\/v2\/pages\/2599","targetHints":{"allow":["GET"]}}],"collection":[{"href":"https:\/\/arfmedical.com\/en\/wp-json\/wp\/v2\/pages"}],"about":[{"href":"https:\/\/arfmedical.com\/en\/wp-json\/wp\/v2\/types\/page"}],"author":[{"embeddable":true,"href":"https:\/\/arfmedical.com\/en\/wp-json\/wp\/v2\/users\/4"}],"replies":[{"embeddable":true,"href":"https:\/\/arfmedical.com\/en\/wp-json\/wp\/v2\/comments?post=2599"}],"version-history":[{"count":4,"href":"https:\/\/arfmedical.com\/en\/wp-json\/wp\/v2\/pages\/2599\/revisions"}],"predecessor-version":[{"id":2608,"href":"https:\/\/arfmedical.com\/en\/wp-json\/wp\/v2\/pages\/2599\/revisions\/2608"}],"wp:attachment":[{"href":"https:\/\/arfmedical.com\/en\/wp-json\/wp\/v2\/media?parent=2599"}],"curies":[{"name":"wp","href":"https:\/\/api.w.org\/{rel}","templated":true}]}}